{"id":37,"date":"2024-01-23T23:40:47","date_gmt":"2024-01-23T23:40:47","guid":{"rendered":"https:\/\/www.impactatravel.com\/service\/"},"modified":"2024-01-24T05:03:02","modified_gmt":"2024-01-24T05:03:02","slug":"servicios","status":"publish","type":"page","link":"https:\/\/www.impactatravel.com\/en\/servicios\/","title":{"rendered":"Services"},"content":{"rendered":"<div data-elementor-type=\"wp-page\" data-elementor-id=\"37\" class=\"elementor elementor-37\">\n\t\t\t\t\t\t<section class=\"elementor-section elementor-top-section elementor-element elementor-element-f1db5b4 elementor-section-boxed elementor-section-height-default elementor-section-height-default\" data-id=\"f1db5b4\" data-element_type=\"section\" data-e-type=\"section\">\n\t\t\t\t\t\t<div class=\"elementor-container elementor-column-gap-default\">\n\t\t\t\t\t<div class=\"elementor-column elementor-col-100 elementor-top-column elementor-element elementor-element-02ff6dc\" data-id=\"02ff6dc\" data-element_type=\"column\" data-e-type=\"column\">\n\t\t\t<div class=\"elementor-widget-wrap elementor-element-populated\">\n\t\t\t\t\t\t<div class=\"elementor-element elementor-element-0f54af2 elementor-widget elementor-widget-text-editor\" data-id=\"0f54af2\" data-element_type=\"widget\" data-e-type=\"widget\" data-widget_type=\"text-editor.default\">\n\t\t\t\t<div class=\"elementor-widget-container\">\n\t\t\t\t\t\t\t\t\t<h2>OUR SERVICES<\/h2>\n<p><!-- \/wp:pagelayer\/pl_heading --><!-- wp:pagelayer\/pl_divider {\"divider_style\":\"solid\",\"divider_color\":\"#ea3a60ff\",\"divider_weight\":\"3\",\"divider_widht\":\"14\",\"divider_gap\":\"10\",\"divider_alignment\":\"center\",\"divider_widht_tablet\":\"10\",\"divider_widht_mobile\":\"20\",\"pagelayer-id\":\"7y97348\"} \/--><!-- wp:pagelayer\/pl_heading {\"text\":\"\\u003cp\\u003eIt is a long established fact that a reader will be distracted by the readable content of a page when looking at its layout. The point of using Lorem Ipsum is that it has a more-or-less normal distribution of letters, as opposed to using 'Content here, content here', making it look like readable English.\\u003c\/p\\u003e\",\"heading_state\":\"normal\",\"align\":\"center\",\"ele_custom_pos\":\"true\",\"ele_align\":\"50%\",\"ele_height\":\"auto\",\"ele_custom_width\":\"850px\",\"pagelayer-id\":\"xzj4764\"} --><\/p>\n<p>At Impacta Travel, our mission is to exceed your expectations, offering you exceptional travel services that are tailored to your unique needs. Whether you are planning a conference, convention or incentive trip, our services are designed to make each experience unforgettable.<\/p>\t\t\t\t\t\t\t\t<\/div>\n\t\t\t\t<\/div>\n\t\t\t\t\t<\/div>\n\t\t<\/div>\n\t\t\t\t\t<\/div>\n\t\t<\/section>\n\t\t\t\t<section class=\"elementor-section elementor-top-section elementor-element elementor-element-a32042d elementor-section-boxed elementor-section-height-default elementor-section-height-default\" data-id=\"a32042d\" data-element_type=\"section\" data-e-type=\"section\">\n\t\t\t\t\t\t<div class=\"elementor-container elementor-column-gap-default\">\n\t\t\t\t\t<div class=\"elementor-column elementor-col-50 elementor-top-column elementor-element elementor-element-55dd43f\" data-id=\"55dd43f\" data-element_type=\"column\" data-e-type=\"column\">\n\t\t\t<div class=\"elementor-widget-wrap elementor-element-populated\">\n\t\t\t\t\t\t<div class=\"elementor-element elementor-element-d8a7dd8 elementor-widget elementor-widget-text-editor\" data-id=\"d8a7dd8\" data-element_type=\"widget\" data-e-type=\"widget\" data-widget_type=\"text-editor.default\">\n\t\t\t\t<div class=\"elementor-widget-container\">\n\t\t\t\t\t\t\t\t\t<h3>1.- EVENT AND CONFERENCE PLANNING<\/h3>\n<p><!-- \/wp:pagelayer\/pl_heading --><!-- wp:pagelayer\/pl_divider {\"divider_style\":\"solid\",\"divider_color\":\"#ea3a60ff\",\"divider_weight\":\"3\",\"divider_widht\":\"10\",\"divider_gap\":\"10\",\"divider_alignment\":\"center\",\"divider_widht_tablet\":\"10\",\"divider_widht_mobile\":\"20\",\"pagelayer-id\":\"nsb7939\"} \/--><!-- wp:pagelayer\/pl_inner_row {\"stretch\":\"auto\",\"col_gap\":\"10\",\"width_content\":\"auto\",\"row_height\":\"default\",\"overlay_hover_delay\":\"400\",\"row_shape_top_color\":\"#227bc3\",\"row_shape_top_width\":\"100\",\"row_shape_top_height\":\"100\",\"row_shape_bottom_color\":\"#e44993\",\"row_shape_bottom_width\":\"100\",\"row_shape_bottom_height\":\"100\",\"pagelayer-id\":\"nf63240\"} --><!-- wp:pagelayer\/pl_inner_col {\"widget_space\":\"15\",\"overlay_hover_delay\":\"400\",\"col\":\"4\",\"pagelayer-id\":\"odj6740\"} --><!-- wp:pagelayer\/pl_iconbox {\"service_icon\":\"fas fa-box-open\",\"service_alignment\":\"top\",\"service_vertical_alignment\":\"middle\",\"service_icon_view\":\"stacked\",\"service_icon_padding\":\"25\",\"service_icon_state\":\"normal\",\"service_icon_color\":\"#ffffffff\",\"service_icon_font_size\":\"35\",\"service_icon_hover_delay\":\"400\",\"service_bor_state\":\"normal\",\"service_heading\":\"Packaging \\u0026amp; Storage\",\"heading_alignment\":\"center\",\"service_title_spacing\":\"15,0,10,0\",\"heading_state\":\"normal\",\"service_heading_color\":\"#ffffffff\",\"service_heading_typo\":\",22,,,,,Solid,,Uppercase,,\",\"heading_delay\":\"400\",\"service_text_alignment\":\"center\",\"service_btn_hover_delay\":\"400\",\"service_icon_background_color\":\"#ea3a60ff\",\"service_icon_shape_type\":\"circle\",\"ele_padding\":\"20px,20px,20px,20px\",\"animation\":\"\",\"animation_delay\":\"600\",\"service_text\":\"\\u003cp\\u003eTurpis in eu mi bibendum neque egestas congue quisque. Eu non diam phasellus vestibulum lorem.\\u003c\/p\\u003e\",\"ele_css\":\"{{element}} .pagelayer-service-text p{ color:#ffffff; }\",\"pagelayer-id\":\"l0z7194\"} --><\/p>\n<p>Let us take care of the meticulous planning of your next event. From destination selection to logistics management, our experienced team ensures that every detail is perfectly coordinated to deliver a successful and hassle-free event.<\/p>\t\t\t\t\t\t\t\t<\/div>\n\t\t\t\t<\/div>\n\t\t\t\t\t<\/div>\n\t\t<\/div>\n\t\t\t\t<div class=\"elementor-column elementor-col-50 elementor-top-column elementor-element elementor-element-0abc25c\" data-id=\"0abc25c\" data-element_type=\"column\" data-e-type=\"column\">\n\t\t\t<div class=\"elementor-widget-wrap elementor-element-populated\">\n\t\t\t\t\t\t<div class=\"elementor-element elementor-element-0dd76ca elementor-widget elementor-widget-image\" data-id=\"0dd76ca\" data-element_type=\"widget\" data-e-type=\"widget\" data-widget_type=\"image.default\">\n\t\t\t\t<div class=\"elementor-widget-container\">\n\t\t\t\t\t\t\t\t\t\t\t\t\t\t\t<img fetchpriority=\"high\" decoding=\"async\" width=\"850\" height=\"567\" src=\"https:\/\/www.impactatravel.com\/wp-content\/uploads\/2024\/01\/Asistentes-6-1024x683.jpg\" class=\"attachment-large size-large wp-image-793\" alt=\"\" srcset=\"https:\/\/www.impactatravel.com\/wp-content\/uploads\/2024\/01\/Asistentes-6-1024x683.jpg 1024w, https:\/\/www.impactatravel.com\/wp-content\/uploads\/2024\/01\/Asistentes-6-300x200.jpg 300w, https:\/\/www.impactatravel.com\/wp-content\/uploads\/2024\/01\/Asistentes-6-768x512.jpg 768w, https:\/\/www.impactatravel.com\/wp-content\/uploads\/2024\/01\/Asistentes-6-1536x1024.jpg 1536w, https:\/\/www.impactatravel.com\/wp-content\/uploads\/2024\/01\/Asistentes-6-2048x1365.jpg 2048w, https:\/\/www.impactatravel.com\/wp-content\/uploads\/2024\/01\/Asistentes-6-600x400.jpg 600w\" sizes=\"(max-width: 850px) 100vw, 850px\" \/>\t\t\t\t\t\t\t\t\t\t\t\t\t\t\t<\/div>\n\t\t\t\t<\/div>\n\t\t\t\t\t<\/div>\n\t\t<\/div>\n\t\t\t\t\t<\/div>\n\t\t<\/section>\n\t\t\t\t<section class=\"elementor-section elementor-top-section elementor-element elementor-element-c690120 elementor-section-boxed elementor-section-height-default elementor-section-height-default\" data-id=\"c690120\" data-element_type=\"section\" data-e-type=\"section\">\n\t\t\t\t\t\t<div class=\"elementor-container elementor-column-gap-default\">\n\t\t\t\t\t<div class=\"elementor-column elementor-col-50 elementor-top-column elementor-element elementor-element-dba9288\" data-id=\"dba9288\" data-element_type=\"column\" data-e-type=\"column\">\n\t\t\t<div class=\"elementor-widget-wrap elementor-element-populated\">\n\t\t\t\t\t\t<div class=\"elementor-element elementor-element-734306f elementor-widget elementor-widget-text-editor\" data-id=\"734306f\" data-element_type=\"widget\" data-e-type=\"widget\" data-widget_type=\"text-editor.default\">\n\t\t\t\t<div class=\"elementor-widget-container\">\n\t\t\t\t\t\t\t\t\t<h3>2. INCENTIVE TRAVEL<\/h3>\n<p>Motivate your team or clients with our personalized incentive trips. We create unique experiences that inspire, from exciting destinations to exclusive activities. Boost morale and performance with trips that leave a lasting impression.<\/p>\t\t\t\t\t\t\t\t<\/div>\n\t\t\t\t<\/div>\n\t\t\t\t\t<\/div>\n\t\t<\/div>\n\t\t\t\t<div class=\"elementor-column elementor-col-50 elementor-top-column elementor-element elementor-element-a1c1f15\" data-id=\"a1c1f15\" data-element_type=\"column\" data-e-type=\"column\">\n\t\t\t<div class=\"elementor-widget-wrap elementor-element-populated\">\n\t\t\t\t\t\t<div class=\"elementor-element elementor-element-8ff49df elementor-widget elementor-widget-image\" data-id=\"8ff49df\" data-element_type=\"widget\" data-e-type=\"widget\" data-widget_type=\"image.default\">\n\t\t\t\t<div class=\"elementor-widget-container\">\n\t\t\t\t\t\t\t\t\t\t\t\t\t\t\t<img decoding=\"async\" width=\"705\" height=\"471\" src=\"https:\/\/www.impactatravel.com\/wp-content\/uploads\/2024\/01\/Dior-Paracas-1.jpg\" class=\"attachment-large size-large wp-image-796\" alt=\"\" srcset=\"https:\/\/www.impactatravel.com\/wp-content\/uploads\/2024\/01\/Dior-Paracas-1.jpg 705w, https:\/\/www.impactatravel.com\/wp-content\/uploads\/2024\/01\/Dior-Paracas-1-300x200.jpg 300w, https:\/\/www.impactatravel.com\/wp-content\/uploads\/2024\/01\/Dior-Paracas-1-600x401.jpg 600w\" sizes=\"(max-width: 705px) 100vw, 705px\" \/>\t\t\t\t\t\t\t\t\t\t\t\t\t\t\t<\/div>\n\t\t\t\t<\/div>\n\t\t\t\t\t<\/div>\n\t\t<\/div>\n\t\t\t\t\t<\/div>\n\t\t<\/section>\n\t\t\t\t<section class=\"elementor-section elementor-top-section elementor-element elementor-element-4b3da46 elementor-section-boxed elementor-section-height-default elementor-section-height-default\" data-id=\"4b3da46\" data-element_type=\"section\" data-e-type=\"section\">\n\t\t\t\t\t\t<div class=\"elementor-container elementor-column-gap-default\">\n\t\t\t\t\t<div class=\"elementor-column elementor-col-50 elementor-top-column elementor-element elementor-element-643df33\" data-id=\"643df33\" data-element_type=\"column\" data-e-type=\"column\">\n\t\t\t<div class=\"elementor-widget-wrap elementor-element-populated\">\n\t\t\t\t\t\t<div class=\"elementor-element elementor-element-ac3ab09 elementor-widget elementor-widget-text-editor\" data-id=\"ac3ab09\" data-element_type=\"widget\" data-e-type=\"widget\" data-widget_type=\"text-editor.default\">\n\t\t\t\t<div class=\"elementor-widget-container\">\n\t\t\t\t\t\t\t\t\t<h3>3. NATIONAL &amp; INTERNATIONAL CONVENTIONS<\/h3>\n<p>As the official agency of major conventions throughout Latin America, we are equipped to handle events of any magnitude. From initial planning to flawless execution, we take care of everything so you can focus on developing your convention.<\/p>\t\t\t\t\t\t\t\t<\/div>\n\t\t\t\t<\/div>\n\t\t\t\t\t<\/div>\n\t\t<\/div>\n\t\t\t\t<div class=\"elementor-column elementor-col-50 elementor-top-column elementor-element elementor-element-c76f19d\" data-id=\"c76f19d\" data-element_type=\"column\" data-e-type=\"column\">\n\t\t\t<div class=\"elementor-widget-wrap elementor-element-populated\">\n\t\t\t\t\t\t<div class=\"elementor-element elementor-element-5a0a142 elementor-widget elementor-widget-image\" data-id=\"5a0a142\" data-element_type=\"widget\" data-e-type=\"widget\" data-widget_type=\"image.default\">\n\t\t\t\t<div class=\"elementor-widget-container\">\n\t\t\t\t\t\t\t\t\t\t\t\t\t\t\t<img decoding=\"async\" width=\"850\" height=\"391\" src=\"https:\/\/www.impactatravel.com\/wp-content\/uploads\/2024\/01\/SELVAVENTURA-Foto-Oficial-1024x471.jpg\" class=\"attachment-large size-large wp-image-797\" alt=\"\" srcset=\"https:\/\/www.impactatravel.com\/wp-content\/uploads\/2024\/01\/SELVAVENTURA-Foto-Oficial-1024x471.jpg 1024w, https:\/\/www.impactatravel.com\/wp-content\/uploads\/2024\/01\/SELVAVENTURA-Foto-Oficial-300x138.jpg 300w, https:\/\/www.impactatravel.com\/wp-content\/uploads\/2024\/01\/SELVAVENTURA-Foto-Oficial-768x353.jpg 768w, https:\/\/www.impactatravel.com\/wp-content\/uploads\/2024\/01\/SELVAVENTURA-Foto-Oficial-1536x706.jpg 1536w, https:\/\/www.impactatravel.com\/wp-content\/uploads\/2024\/01\/SELVAVENTURA-Foto-Oficial-600x276.jpg 600w, https:\/\/www.impactatravel.com\/wp-content\/uploads\/2024\/01\/SELVAVENTURA-Foto-Oficial.jpg 1908w\" sizes=\"(max-width: 850px) 100vw, 850px\" \/>\t\t\t\t\t\t\t\t\t\t\t\t\t\t\t<\/div>\n\t\t\t\t<\/div>\n\t\t\t\t\t<\/div>\n\t\t<\/div>\n\t\t\t\t\t<\/div>\n\t\t<\/section>\n\t\t\t\t<section class=\"elementor-section elementor-top-section elementor-element elementor-element-8c20e59 elementor-section-boxed elementor-section-height-default elementor-section-height-default\" data-id=\"8c20e59\" data-element_type=\"section\" data-e-type=\"section\">\n\t\t\t\t\t\t<div class=\"elementor-container elementor-column-gap-default\">\n\t\t\t\t\t<div class=\"elementor-column elementor-col-50 elementor-top-column elementor-element elementor-element-860d009\" data-id=\"860d009\" data-element_type=\"column\" data-e-type=\"column\">\n\t\t\t<div class=\"elementor-widget-wrap elementor-element-populated\">\n\t\t\t\t\t\t<div class=\"elementor-element elementor-element-7e69fcf elementor-widget elementor-widget-text-editor\" data-id=\"7e69fcf\" data-element_type=\"widget\" data-e-type=\"widget\" data-widget_type=\"text-editor.default\">\n\t\t\t\t<div class=\"elementor-widget-container\">\n\t\t\t\t\t\t\t\t\t<h3><strong>4. UNFORGETTABLE SOCIAL EVENTS<\/strong><\/h3>\n<p>We add a special touch to your experience with unforgettable social events, such as fellowship dinners and elegant cocktails. From selecting the venue to coordinating details, we take care of creating memorable moments that strengthen bonds and create meaningful connections.<\/p>\t\t\t\t\t\t\t\t<\/div>\n\t\t\t\t<\/div>\n\t\t\t\t\t<\/div>\n\t\t<\/div>\n\t\t\t\t<div class=\"elementor-column elementor-col-50 elementor-top-column elementor-element elementor-element-4f7775a\" data-id=\"4f7775a\" data-element_type=\"column\" data-e-type=\"column\">\n\t\t\t<div class=\"elementor-widget-wrap elementor-element-populated\">\n\t\t\t\t\t\t<div class=\"elementor-element elementor-element-ce69afe elementor-widget elementor-widget-image\" data-id=\"ce69afe\" data-element_type=\"widget\" data-e-type=\"widget\" data-widget_type=\"image.default\">\n\t\t\t\t<div class=\"elementor-widget-container\">\n\t\t\t\t\t\t\t\t\t\t\t\t\t\t\t<img loading=\"lazy\" decoding=\"async\" width=\"850\" height=\"567\" src=\"https:\/\/www.impactatravel.com\/wp-content\/uploads\/2024\/01\/Convento-La-Merced-35-1024x683.jpg\" class=\"attachment-large size-large wp-image-802\" alt=\"\" srcset=\"https:\/\/www.impactatravel.com\/wp-content\/uploads\/2024\/01\/Convento-La-Merced-35-1024x683.jpg 1024w, https:\/\/www.impactatravel.com\/wp-content\/uploads\/2024\/01\/Convento-La-Merced-35-300x200.jpg 300w, https:\/\/www.impactatravel.com\/wp-content\/uploads\/2024\/01\/Convento-La-Merced-35-768x512.jpg 768w, https:\/\/www.impactatravel.com\/wp-content\/uploads\/2024\/01\/Convento-La-Merced-35-1536x1024.jpg 1536w, https:\/\/www.impactatravel.com\/wp-content\/uploads\/2024\/01\/Convento-La-Merced-35-2048x1365.jpg 2048w, https:\/\/www.impactatravel.com\/wp-content\/uploads\/2024\/01\/Convento-La-Merced-35-600x400.jpg 600w\" sizes=\"(max-width: 850px) 100vw, 850px\" \/>\t\t\t\t\t\t\t\t\t\t\t\t\t\t\t<\/div>\n\t\t\t\t<\/div>\n\t\t\t\t\t<\/div>\n\t\t<\/div>\n\t\t\t\t\t<\/div>\n\t\t<\/section>\n\t\t\t\t<section class=\"elementor-section elementor-top-section elementor-element elementor-element-5848994 elementor-section-boxed elementor-section-height-default elementor-section-height-default\" data-id=\"5848994\" data-element_type=\"section\" data-e-type=\"section\">\n\t\t\t\t\t\t<div class=\"elementor-container elementor-column-gap-default\">\n\t\t\t\t\t<div class=\"elementor-column elementor-col-100 elementor-top-column elementor-element elementor-element-a9067b6\" data-id=\"a9067b6\" data-element_type=\"column\" data-e-type=\"column\">\n\t\t\t<div class=\"elementor-widget-wrap elementor-element-populated\">\n\t\t\t\t\t\t<div class=\"elementor-element elementor-element-125b2fe elementor-widget elementor-widget-text-editor\" data-id=\"125b2fe\" data-element_type=\"widget\" data-e-type=\"widget\" data-widget_type=\"text-editor.default\">\n\t\t\t\t<div class=\"elementor-widget-container\">\n\t\t\t\t\t\t\t\t\t<h2>Professional travel advice<\/h2>\n<p>Our team of travel experts is here to advise you every step of the way. Whether you need help with destination selection, itinerary planning or event management, we are committed to providing you with the professional advice you need.<\/p>\n<p>At Impacta Travel, we are proud to be more than a travel agency; We are your strategic partner in creating experiences.\u00a0<\/p>\n<p>Discover the difference with our services and let us take your trips to new heights.<\/p>\t\t\t\t\t\t\t\t<\/div>\n\t\t\t\t<\/div>\n\t\t\t\t\t<\/div>\n\t\t<\/div>\n\t\t\t\t\t<\/div>\n\t\t<\/section>\n\t\t\t\t<\/div>","protected":false},"excerpt":{"rendered":"<p>NUESTROS SERVICIOS En Impacta Travel, nuestra misi\u00f3n es superar tus expectativas, ofreci\u00e9ndote servicios de viaje excepcionales que se adaptan a tus necesidades \u00fanicas. Ya sea que est\u00e9s planificando un congreso, una convenci\u00f3n o un viaje de incentivos, nuestros servicios est\u00e1n dise\u00f1ados para hacer que cada experiencia sea inolvidable. 1.-PLANIFICACION DE EVENTOS Y CONGRESOS D\u00e9janos encargarnos [&hellip;]<\/p>","protected":false},"author":1,"featured_media":0,"parent":0,"menu_order":0,"comment_status":"closed","ping_status":"closed","template":"","meta":{"footnotes":""},"class_list":["post-37","page","type-page","status-publish","hentry"],"_links":{"self":[{"href":"https:\/\/www.impactatravel.com\/en\/wp-json\/wp\/v2\/pages\/37","targetHints":{"allow":["GET"]}}],"collection":[{"href":"https:\/\/www.impactatravel.com\/en\/wp-json\/wp\/v2\/pages"}],"about":[{"href":"https:\/\/www.impactatravel.com\/en\/wp-json\/wp\/v2\/types\/page"}],"author":[{"embeddable":true,"href":"https:\/\/www.impactatravel.com\/en\/wp-json\/wp\/v2\/users\/1"}],"replies":[{"embeddable":true,"href":"https:\/\/www.impactatravel.com\/en\/wp-json\/wp\/v2\/comments?post=37"}],"version-history":[{"count":16,"href":"https:\/\/www.impactatravel.com\/en\/wp-json\/wp\/v2\/pages\/37\/revisions"}],"predecessor-version":[{"id":808,"href":"https:\/\/www.impactatravel.com\/en\/wp-json\/wp\/v2\/pages\/37\/revisions\/808"}],"wp:attachment":[{"href":"https:\/\/www.impactatravel.com\/en\/wp-json\/wp\/v2\/media?parent=37"}],"curies":[{"name":"wp","href":"https:\/\/api.w.org\/{rel}","templated":true}]}}