{"id":3,"date":"2024-01-30T15:46:14","date_gmt":"2024-01-30T15:46:14","guid":{"rendered":"https:\/\/www.impactatravel.com\/?page_id=3"},"modified":"2024-01-30T21:16:57","modified_gmt":"2024-01-30T21:16:57","slug":"politica-de-privacidad","status":"publish","type":"page","link":"https:\/\/www.impactatravel.com\/en\/politica-de-privacidad\/","title":{"rendered":"Politica de Privacidad"},"content":{"rendered":"<div class=\"wpb-content-wrapper\"><div class=\"vc_row wpb_row vc_row-fluid\"><div class=\"wpb_column vc_column_container vc_col-sm-12\"><div class=\"vc_column-inner\"><div class=\"wpb_wrapper\">\n\t<div class=\"wpb_text_column wpb_content_element\" >\n\t\t<div class=\"wpb_wrapper\">\n\t\t\t<h4 class=\"wp-block-heading\">Quiero agradecerte que est\u00e9s en esta p\u00e1gina, eso significa que tus datos te importan, y quieres conocer el destino de los mismos y qui\u00e9n los recoge.<\/h4>\n<p>En cumplimiento con lo dispuesto por la Ley No 29733, Ley de Protecci\u00f3n de Datos Personales y su reglamento aprobado por Decreto Supremo No 003-2013-JUS (en adelante, \u201cla Ley\u201d),\u00a0<strong>Impacta Travel<\/strong>\u00a0desea poner en conocimiento de todos sus usuarios, la pol\u00edtica aplicable al tratamiento de sus datos personales (en adelante, \u201cla Pol\u00edtica\u201d).<\/p>\n<h3 class=\"wp-block-heading\"><strong>1.- SOBRE LA UTILIZACI\u00d3N DE LA P\u00c1GINA WEB, ACEPTACI\u00d3N DE T\u00c9RMINOS Y CONDICIONES<\/strong><\/h3>\n<p>Este sitio web <a href=\"https:\/\/www.impactatravel.com\/en\/\">https:\/\/www.impactatravel.com<\/a>\u00a0pertenece a IMPACTA EVENTS &amp; TRAVEL S.A. quien esta identificada con RUC 20509471496<\/p>\n<p>Esta Pol\u00edtica, que est\u00e1 a disposici\u00f3n del p\u00fablico en general, tiene la finalidad de informarle a nuestros usuarios las condiciones sobre c\u00f3mo Impacta Travel trata los datos personales obtenidos mediante nuestros distintos canales, como por ejemplo mediante los formularios virtuales y\/o landings implementados en nuestro sitio web, detallando las finalidades de dicho tratamiento, las circunstancias de su transferencia a terceros y los derechos del Usuario respecto de su informaci\u00f3n personal.<\/p>\n<h3 class=\"wp-block-heading\"><strong>2.- DATOS SOLICITADOS<\/strong><\/h3>\n<p>Nuestro sitio web, formularios virtuales o canales correspondientes (ejem: WhatsApp), podr\u00e1n capturar y\/o gestionar informaci\u00f3n personal, por ejemplo: nombre, domicilio, tel\u00e9fono, direcci\u00f3n de correo electr\u00f3nico, direcci\u00f3n, su direcci\u00f3n IP, informaci\u00f3n que decida proporcionarnos, su opini\u00f3n en caso decida dejar sus comentarios o sugerencias en encuestas, sus gustos o preferencias en caso voluntariamente acepte algunas de las cookies implementadas en nuestro sitio web, entre otras.<\/p>\n<p>Una vez que entregue sus datos personales, estos ser\u00e1n conservados en diferentes medios seguros que la tecnolog\u00eda lo permita y su acceso estar\u00e1 limitado exclusivamente a las personas naturales o jur\u00eddicas que lo requieran para poder cumplir con los fines descritos anteriormente. En caso de requerimiento de alguna autoridad, sus datos personales podr\u00e1n ponerse a disposici\u00f3n de estas, dentro del estricto cumplimiento de la Ley<\/p>\n<p>El tratamiento de los datos personales que nos ha otorgado ser\u00e1 efectuado de conformidad con los presentes lineamientos, por lo que al leer este documento, se entiende que se ha informado sobre las condiciones del tratamiento de su informaci\u00f3n, el cual se realizar\u00e1 hasta que revoque su consentimiento, solicite la cancelaci\u00f3n u oposici\u00f3n de su informaci\u00f3n, de acuerdo con lo previsto en el numeral 6 o hasta que dicha informaci\u00f3n deje de resultar necesaria.<\/p>\n<p>Informamos al Usuario que:<\/p>\n<p>Si opta por adquirir nuestros productos o afiliarse a nuestros servicios, sus datos personales ser\u00e1n incorporados al banco de datos de Clientes de titularidad de Impacta Travel<\/p>\n<h3 class=\"wp-block-heading\"><strong>3.- FINALIDAD DE LA OBTENCION DEL DATO PERSONAL<\/strong><\/h3>\n<p><strong>Impacta Travel,<\/strong> tratar\u00e1 sus datos personales con las siguientes finalidades:<\/p>\n<ul>\n<li>Gestionar las acciones comerciales de los productos y\/o servicios solicitados por el usuario.<\/li>\n<li>Contactarnos con el usuario para enviarle informaci\u00f3n vinculada a los productos y\/o servicios ofrecidos, solicitados y\/o contratados.<\/li>\n<li>Prestar los servicios contratados por nuestros clientes, conforme a los t\u00e9rminos y condiciones aceptados y el contrato suscrito.<\/li>\n<li>Otorgar beneficios a nuestros clientes en el marco de programas de fidelizaci\u00f3n, cuando apliquen.<\/li>\n<li>Gestionar listas de usuarios de la web y\/o formularios.<\/li>\n<\/ul>\n<p>Como mencionamos anteriormente, los formularios de recopilaci\u00f3n de datos pueden contener algunos campos de car\u00e1cter obligatorio, lo cual se sustenta en la necesidad de su informaci\u00f3n para gestionar los distintos productos y\/o servicios ofrecidos por\u00a0<b>Impacta Travel<\/b>, en caso decida no proporcionarnos su informaci\u00f3n, es posible que no podamos hacerlo. Si decide ingresar los datos, el usuario declara y certifica que ellos corresponden a su persona y que son verdaderos, exactos, aut\u00e9nticos, completos, y correctos; y que es mayor de edad.<\/p>\n<p>Respecto a los usuarios titulares de una tarjeta de cr\u00e9dito o d\u00e9bito, y que utilizan el link de pago, el cual se brinda a trav\u00e9s de la pasarela proporcionada por Niubiz para realizar una operaci\u00f3n financiera, les informamos que Niubiz trata sus datos por encargo de un titular del banco de datos que bien puede ser la entidad emisora de su tarjeta o del comercio del que usted es cliente; en ese sentido, Niubiz emplear\u00e1 sus datos personales \u00fanicamente para realizar actividades de monitoreo, y detecci\u00f3n de fraudes, as\u00ed como otras actividades vinculadas a la prevenci\u00f3n de actividades il\u00edcitas o fraudulentas u otros fines encargados por el titular del banco de datos personales, sobre los cuales puede obtener mayor informaci\u00f3n ingresando a las pol\u00edticas de privacidad que aquellos pongan a su disposici\u00f3n<\/p>\n<h3 class=\"wp-block-heading\">4.- COOKIES, PIXELES Y OTROS<\/h3>\n<p><strong>4.1 Sobre las cookies<\/strong><\/p>\n<p>Podemos utilizar \u201ccookies\u201d para confirmar tu identificaci\u00f3n, personalizar tu acceso a este sitio y revisar el uso de este sitio con el prop\u00f3sito de mejorar su navegaci\u00f3n y sus condiciones de funcionalidad. Una \u201ccookie\u201d es un peque\u00f1o archivo almacenado en su computadora para llevar un registro de movimientos dentro de este sitio, tal como visitas a la p\u00e1gina principal, y publicidad. Las \u201ccookies\u201d est\u00e1n asociadas \u00fanicamente con un usuario an\u00f3nimo y la computadora de ese usuario. El usuario puede cambiar sus preferencias de internet para rechazar el uso de \u201ccookies\u201d.<\/p>\n<p><strong>4.2. Sobre los pixeles<\/strong><\/p>\n<p>Como parte del funcionamiento de nuestra web y los servicios ofrecidos en la misma, trabajamos con la colaboraci\u00f3n de terceros con los que compartimos tus datos para asegurarnos que tu experiencia en nuestra web, sea cada vez mejor y m\u00e1s personalizada, resguardando a la vez tu informaci\u00f3n personal. A continuaci\u00f3n, te explicamos lo que implica su participaci\u00f3n:<\/p>\n<p>Pixeles: Mediante fragmentos denominados \u2018\u2019pixeles\u2019\u2019, utilizados por medio de Facebook Inc. y Google Inc., cuyos servidores se encuentran en Estados Unidos, podemos conocer c\u00f3mo utiliza nuestra Web y servicios ofrecidos en esta, la compra que realiza y los anuncios que visualiza. De esta manera sus datos nos ayudan a: Mostrarle anuncios que podr\u00edan interesarle en Facebook (o Instagram, Messenger o cualquier otro servicio de Facebook) y Google; Medir y analizar la efectividad de nuestra web, aplicaci\u00f3n, landigns y anuncios. En ese sentido, le comentamos que podemos utilizar la informaci\u00f3n personal que nos proporcion\u00f3 en este sitio web, aplicaci\u00f3n o landing, para identificarlo en Facebook (o Instagram, Messenger o cualquier otro servicio de Facebook), as\u00ed como Google, con la finalidad de mostrarle anuncios que son a\u00fan m\u00e1s relevantes para usted. Cabe resaltar que, Facebook y Google, no compartir\u00e1n su informaci\u00f3n personal y la eliminar\u00e1n inmediatamente despu\u00e9s de que se complete el proceso de coincidencia.<\/p>\n<p><strong>4.3 Get Response<\/strong><\/p>\n<p>Esta herramienta utiliza la informaci\u00f3n que proporcionas para enviarte comunicaciones vinculadas con el contenido consultado, productos y servicios relevantes para ti<\/p>\n<h3 class=\"wp-block-heading\">5.- ENLACES A TERCEROS<\/h3>\n<p>Este sitio web puede contener enlaces a otros sitios de terceros que pueden ser de su inter\u00e9s. Una vez que de click en estos enlaces y abandone nuestra p\u00e1gina, sus landings y\/o el formulario virtual de Impacta Travel ya no tenemos control sobre al sitio al que es redirigido el Usuario y por lo tanto no somos responsables de los t\u00e9rminos o privacidad ni de la protecci\u00f3n de sus datos en esos otros sitios terceros. Dichos sitios est\u00e1n sujetos a sus propias pol\u00edticas de privacidad por lo cual es recomendable que el Usuario los consulte para confirmar que est\u00e1 de acuerdo con estas.<\/p>\n<h3 class=\"wp-block-heading\">6.- EJERCICIO DE LOS DERECHOS DE REVOCACION, RECTIFICACION, ACCESO, CANCELACION Y OPOSICION DE LOS DATOS<\/h3>\n<p>El usuario podr\u00e1 en todo momento\u00a0<strong>revocar<\/strong> el consentimiento otorgado expresamente, tanto como limitar el uso o divulgaci\u00f3n de sus datos personales. Para ello, como titular de sus datos personales podr\u00e1 comunicarse al correo congresos@impactatravel.com De esta forma, <strong>Impacta Travel <\/strong>eliminar\u00e1 la informaci\u00f3n brindada por usted de nuestra base de datos en un plazo inmediato.<\/p>\n<p>Si lo que desea es, \u00fanicamente, modificar alg\u00fan dato del proporcionado (por cambio de domicilio, n\u00famero telef\u00f3nico, etc.), tambi\u00e9n podr\u00e1 realizarlo escribiendo al correo electr\u00f3nico antes mencionado.<\/p>\n<h3 class=\"wp-block-heading\">7.- PLAZO DE CONSERVACION DE LOS DATOS Y MEDIDAS DE SEGURIDAD<\/h3>\n<p><strong>Vigencia<\/strong><\/p>\n<p>Los Datos Personales que sean almacenados, utilizados o transmitidos permanecer\u00e1n en las Bases de Datos de\u00a0<strong>Impacta Travel<\/strong>\u00a0durante el tiempo que sea necesario para cumplir los fines previstos en la presente Pol\u00edtica. En el caso de clientes y ex clientes, trabajadores, contratistas y proveedores, sus datos personales relacionados al cumplimiento o ejecuci\u00f3n de su relaci\u00f3n comercial ser\u00e1n mantenidos cuando menos por el plazo que disponga la normativa aplicable.<\/p>\n<p><strong>Seguridad<\/strong><\/p>\n<p>Impacta Travel utiliza un sistema de base de datos automatizado CMR, el cual permite actualizar datos, dar de alta o baja y sobretodo, proteger los datos registrados. Asimismo, Impacta Travel ha establecido medidas adicionales en orden a reforzar la confidencialidad e integridad de la informaci\u00f3n en su organizaci\u00f3n. Manteniendo continuamente la supervisi\u00f3n, control y evaluaci\u00f3n de los procesos para asegurar el respeto a la privacidad de los datos.<\/p>\n<h3 class=\"wp-block-heading\"><strong>8. ACEPTACI\u00d3N Y CONSENTIMIENTO<\/strong><\/h3>\n<p>El Usuario declara haber sido informado de las condiciones sobre protecci\u00f3n de datos de car\u00e1cter personal, aceptando y consintiendo el tratamiento de los mismos por parte de\u00a0<strong>Impacta Travel<\/strong>\u00a0en la forma y para las finalidades indicadas en el aviso legal.<\/p>\n<h3>9-MODIFICACIONES A NUESTRAS POLITICAS DE PRIVACIDAD<\/h3>\n<p><strong>Impacta Travel<\/strong> se reserva el derecho de modificar, rectificar, alterar, agregar o eliminar cualquier punto del presente escrito en cualquier momento y sin previo aviso, siendo su responsabilidad el mantenerse informado del mismo para una adecuada administraci\u00f3n de su informaci\u00f3n.<\/p>\n\n\t\t<\/div>\n\t<\/div>\n<\/div><\/div><\/div><\/div>\n<\/div>","protected":false},"excerpt":{"rendered":"Quiero agradecerte que est\u00e9s en esta p\u00e1gina, eso significa que tus datos te importan, y quieres conocer el destino de los mismos y qui\u00e9n los recoge. En cumplimiento con lo dispuesto por la Ley No 29733, Ley de Protecci\u00f3n de Datos Personales y su reglamento aprobado por Decreto Supremo No 003-2013-JUS (en adelante, \u201cla Ley\u201d),\u00a0Impacta [...]","protected":false},"author":1,"featured_media":0,"parent":0,"menu_order":0,"comment_status":"closed","ping_status":"closed","template":"","meta":{"footnotes":""},"class_list":["post-3","page","type-page","status-publish","hentry"],"_links":{"self":[{"href":"https:\/\/www.impactatravel.com\/en\/wp-json\/wp\/v2\/pages\/3","targetHints":{"allow":["GET"]}}],"collection":[{"href":"https:\/\/www.impactatravel.com\/en\/wp-json\/wp\/v2\/pages"}],"about":[{"href":"https:\/\/www.impactatravel.com\/en\/wp-json\/wp\/v2\/types\/page"}],"author":[{"embeddable":true,"href":"https:\/\/www.impactatravel.com\/en\/wp-json\/wp\/v2\/users\/1"}],"replies":[{"embeddable":true,"href":"https:\/\/www.impactatravel.com\/en\/wp-json\/wp\/v2\/comments?post=3"}],"version-history":[{"count":2,"href":"https:\/\/www.impactatravel.com\/en\/wp-json\/wp\/v2\/pages\/3\/revisions"}],"predecessor-version":[{"id":957,"href":"https:\/\/www.impactatravel.com\/en\/wp-json\/wp\/v2\/pages\/3\/revisions\/957"}],"wp:attachment":[{"href":"https:\/\/www.impactatravel.com\/en\/wp-json\/wp\/v2\/media?parent=3"}],"curies":[{"name":"wp","href":"https:\/\/api.w.org\/{rel}","templated":true}]}}